{"id":217,"date":"2026-03-10T19:20:28","date_gmt":"2026-03-10T18:20:28","guid":{"rendered":"https:\/\/selfie-point.com\/?page_id=217"},"modified":"2026-03-16T20:25:26","modified_gmt":"2026-03-16T19:25:26","slug":"impresszum","status":"publish","type":"page","link":"https:\/\/selfie-point.com\/en\/impresszum\/","title":{"rendered":"Impresszum"},"content":{"rendered":"<div data-elementor-type=\"wp-page\" data-elementor-id=\"217\" class=\"elementor elementor-217\">\n\t\t\t\t<div class=\"elementor-element elementor-element-22c4aa6 e-con-full e-flex e-con e-parent\" data-id=\"22c4aa6\" data-element_type=\"container\" data-e-type=\"container\" data-settings=\"{&quot;background_background&quot;:&quot;classic&quot;}\">\n\t\t<div class=\"elementor-element elementor-element-c5ed593 e-flex e-con-boxed e-con e-child\" data-id=\"c5ed593\" data-element_type=\"container\" data-e-type=\"container\" data-settings=\"{&quot;background_background&quot;:&quot;classic&quot;}\">\n\t\t\t\t\t<div class=\"e-con-inner\">\n\t\t\t\t<div class=\"elementor-element elementor-element-9ef063e elementor-widget elementor-widget-heading\" data-id=\"9ef063e\" data-element_type=\"widget\" data-e-type=\"widget\" data-widget_type=\"heading.default\">\n\t\t\t\t\t<h2 class=\"elementor-heading-title elementor-size-default\">Impresszum<\/h2>\t\t\t\t<\/div>\n\t\t\t\t<div class=\"elementor-element elementor-element-4f5a408 elementor-widget elementor-widget-heading\" data-id=\"4f5a408\" data-element_type=\"widget\" data-e-type=\"widget\" data-widget_type=\"heading.default\">\n\t\t\t\t\t<h3 class=\"elementor-heading-title elementor-size-default\">A weboldal \u00fczemeltet\u0151je:<\/h3>\t\t\t\t<\/div>\n\t\t\t\t<div class=\"elementor-element elementor-element-70c684d elementor-widget elementor-widget-text-editor\" data-id=\"70c684d\" data-element_type=\"widget\" data-e-type=\"widget\" data-widget_type=\"text-editor.default\">\n\t\t\t\t\t\t\t\t\t<p><strong>N\u00e9v:<\/strong> EUszintecH Irodaszerviz Kft.<br \/><strong>Sz\u00e9khely:<\/strong> 2040 Buda\u00f6rs, Gy\u00e1r utca 2.<br \/><strong>Ad\u00f3sz\u00e1m:<\/strong> 10666-357-2-13<br \/><strong>C\u00e9gjegyz\u00e9ksz\u00e1m:<\/strong> 13-09-140477<br \/><strong>E-mail:<\/strong> <a href=\"mailto:info@selfie-point.com\" target=\"_blank\" rel=\"noopener\">info@selfie-point.com<\/a><br \/><strong>Telefonsz\u00e1m:<\/strong> <a class=\"wixui-rich-text__text\" href=\"tel:18225695896\">+36 30\u00a0412\u00a026 05<\/a><\/p>\t\t\t\t\t\t\t\t<\/div>\n\t\t\t\t<div class=\"elementor-element elementor-element-863ecc9 elementor-widget elementor-widget-heading\" data-id=\"863ecc9\" data-element_type=\"widget\" data-e-type=\"widget\" data-widget_type=\"heading.default\">\n\t\t\t\t\t<h3 class=\"elementor-heading-title elementor-size-default\">T\u00e1rhelyszolg\u00e1ltat\u00f3:<\/h3>\t\t\t\t<\/div>\n\t\t\t\t<div class=\"elementor-element elementor-element-e911bab elementor-widget elementor-widget-text-editor\" data-id=\"e911bab\" data-element_type=\"widget\" data-e-type=\"widget\" data-widget_type=\"text-editor.default\">\n\t\t\t\t\t\t\t\t\t<p><strong>N\u00e9v:<\/strong> Viacom Informatikai Kft.<br \/><strong>Sz\u00e9khely:<\/strong> 2360 Gy\u00e1l, De\u00e1k Ferenc utca 17.<br \/><strong>Weboldal:\u00a0<\/strong><a href=\"https:\/\/viacomkft.hu\/\">https:\/\/viacomkft.hu\/<\/a><\/p>\t\t\t\t\t\t\t\t<\/div>\n\t\t\t\t\t<\/div>\n\t\t\t\t<\/div>\n\t\t<div class=\"elementor-element elementor-element-56ef86d e-con-full e-flex e-con e-child\" data-id=\"56ef86d\" data-element_type=\"container\" data-e-type=\"container\" data-settings=\"{&quot;background_background&quot;:&quot;classic&quot;}\">\n\t\t\t\t<div class=\"elementor-element elementor-element-2e5d569 elementor-widget__width-inherit elementor-widget elementor-widget-image\" data-id=\"2e5d569\" data-element_type=\"widget\" data-e-type=\"widget\" data-widget_type=\"image.default\">\n\t\t\t\t\t\t\t\t\t\t\t\t\t\t\t<img fetchpriority=\"high\" decoding=\"async\" width=\"1024\" height=\"205\" src=\"https:\/\/selfie-point.com\/wp-content\/uploads\/2026\/03\/13fc43_5ca0b81ce5ed46729798ba2c2c2c55c1mv2-e1773148865414-1024x205.png\" class=\"attachment-large size-large wp-image-127\" alt=\"\" srcset=\"https:\/\/selfie-point.com\/wp-content\/uploads\/2026\/03\/13fc43_5ca0b81ce5ed46729798ba2c2c2c55c1mv2-e1773148865414-1024x205.png 1024w, https:\/\/selfie-point.com\/wp-content\/uploads\/2026\/03\/13fc43_5ca0b81ce5ed46729798ba2c2c2c55c1mv2-e1773148865414-300x60.png 300w, https:\/\/selfie-point.com\/wp-content\/uploads\/2026\/03\/13fc43_5ca0b81ce5ed46729798ba2c2c2c55c1mv2-e1773148865414-768x154.png 768w, https:\/\/selfie-point.com\/wp-content\/uploads\/2026\/03\/13fc43_5ca0b81ce5ed46729798ba2c2c2c55c1mv2-e1773148865414-18x4.png 18w, https:\/\/selfie-point.com\/wp-content\/uploads\/2026\/03\/13fc43_5ca0b81ce5ed46729798ba2c2c2c55c1mv2-e1773148865414.png 1500w\" sizes=\"(max-width: 1024px) 100vw, 1024px\" \/>\t\t\t\t\t\t\t\t\t\t\t\t\t\t\t<\/div>\n\t\t\t\t<\/div>\n\t\t\t\t<\/div>\n\t\t\t\t<\/div>","protected":false},"excerpt":{"rendered":"<p>Impresszum A weboldal \u00fczemeltet\u0151je: N\u00e9v: EUszintecH Irodaszerviz Kft.Sz\u00e9khely: 2040 Buda\u00f6rs, Gy\u00e1r utca 2.Ad\u00f3sz\u00e1m: 10666-357-2-13C\u00e9gjegyz\u00e9ksz\u00e1m: 13-09-140477E-mail: info@selfie-point.comTelefonsz\u00e1m: +36 30\u00a0412\u00a026 05 T\u00e1rhelyszolg\u00e1ltat\u00f3: [&hellip;]<\/p>\n","protected":false},"author":1,"featured_media":0,"parent":0,"menu_order":0,"comment_status":"closed","ping_status":"closed","template":"elementor_header_footer","meta":{"site-sidebar-layout":"no-sidebar","site-content-layout":"","ast-site-content-layout":"full-width-container","site-content-style":"default","site-sidebar-style":"default","ast-global-header-display":"","ast-banner-title-visibility":"","ast-main-header-display":"","ast-hfb-above-header-display":"","ast-hfb-below-header-display":"","ast-hfb-mobile-header-display":"","site-post-title":"","ast-breadcrumbs-content":"","ast-featured-img":"disabled","footer-sml-layout":"","ast-disable-related-posts":"","theme-transparent-header-meta":"","adv-header-id-meta":"","stick-header-meta":"","header-above-stick-meta":"","header-main-stick-meta":"","header-below-stick-meta":"","astra-migrate-meta-layouts":"default","ast-page-background-enabled":"default","ast-page-background-meta":{"desktop":{"background-color":"var(--ast-global-color-5)","background-image":"","background-repeat":"repeat","background-position":"center center","background-size":"auto","background-attachment":"scroll","background-type":"","background-media":"","overlay-type":"","overlay-color":"","overlay-opacity":"","overlay-gradient":""},"tablet":{"background-color":"","background-image":"","background-repeat":"repeat","background-position":"center center","background-size":"auto","background-attachment":"scroll","background-type":"","background-media":"","overlay-type":"","overlay-color":"","overlay-opacity":"","overlay-gradient":""},"mobile":{"background-color":"","background-image":"","background-repeat":"repeat","background-position":"center center","background-size":"auto","background-attachment":"scroll","background-type":"","background-media":"","overlay-type":"","overlay-color":"","overlay-opacity":"","overlay-gradient":""}},"ast-content-background-meta":{"desktop":{"background-color":"var(--ast-global-color-4)","background-image":"","background-repeat":"repeat","background-position":"center center","background-size":"auto","background-attachment":"scroll","background-type":"","background-media":"","overlay-type":"","overlay-color":"","overlay-opacity":"","overlay-gradient":""},"tablet":{"background-color":"var(--ast-global-color-4)","background-image":"","background-repeat":"repeat","background-position":"center center","background-size":"auto","background-attachment":"scroll","background-type":"","background-media":"","overlay-type":"","overlay-color":"","overlay-opacity":"","overlay-gradient":""},"mobile":{"background-color":"var(--ast-global-color-4)","background-image":"","background-repeat":"repeat","background-position":"center center","background-size":"auto","background-attachment":"scroll","background-type":"","background-media":"","overlay-type":"","overlay-color":"","overlay-opacity":"","overlay-gradient":""}},"footnotes":""},"class_list":["post-217","page","type-page","status-publish","hentry"],"_links":{"self":[{"href":"https:\/\/selfie-point.com\/en\/wp-json\/wp\/v2\/pages\/217","targetHints":{"allow":["GET"]}}],"collection":[{"href":"https:\/\/selfie-point.com\/en\/wp-json\/wp\/v2\/pages"}],"about":[{"href":"https:\/\/selfie-point.com\/en\/wp-json\/wp\/v2\/types\/page"}],"author":[{"embeddable":true,"href":"https:\/\/selfie-point.com\/en\/wp-json\/wp\/v2\/users\/1"}],"replies":[{"embeddable":true,"href":"https:\/\/selfie-point.com\/en\/wp-json\/wp\/v2\/comments?post=217"}],"version-history":[{"count":10,"href":"https:\/\/selfie-point.com\/en\/wp-json\/wp\/v2\/pages\/217\/revisions"}],"predecessor-version":[{"id":476,"href":"https:\/\/selfie-point.com\/en\/wp-json\/wp\/v2\/pages\/217\/revisions\/476"}],"wp:attachment":[{"href":"https:\/\/selfie-point.com\/en\/wp-json\/wp\/v2\/media?parent=217"}],"curies":[{"name":"wp","href":"https:\/\/api.w.org\/{rel}","templated":true}]}}